{"id":6,"date":"2020-10-19T14:55:27","date_gmt":"2020-10-19T12:55:27","guid":{"rendered":"http:\/\/librairie-graffiti.com\/2\/?page_id=6"},"modified":"2021-03-16T10:28:05","modified_gmt":"2021-03-16T09:28:05","slug":"accueil","status":"publish","type":"page","link":"https:\/\/librairie-graffiti.com\/","title":{"rendered":"Accueil"},"content":{"rendered":"\t\t<div data-elementor-type=\"wp-page\" data-elementor-id=\"6\" class=\"elementor elementor-6\" data-elementor-settings=\"[]\">\n\t\t\t\t\t\t<div class=\"elementor-inner\">\n\t\t\t\t\t\t\t<div class=\"elementor-section-wrap\">\n\t\t\t\t\t\t\t<section class=\"elementor-section elementor-top-section elementor-element elementor-element-7663953 elementor-section-boxed elementor-section-height-default elementor-section-height-default\" data-id=\"7663953\" data-element_type=\"section\" data-settings=\"{&quot;_ha_eqh_enable&quot;:false}\">\n\t\t\t\t\t\t<div class=\"elementor-container elementor-column-gap-default\">\n\t\t\t\t\t\t\t<div class=\"elementor-row\">\n\t\t\t\t\t<div class=\"elementor-column elementor-col-100 elementor-top-column elementor-element elementor-element-a4bc882\" data-id=\"a4bc882\" data-element_type=\"column\">\n\t\t\t<div class=\"elementor-column-wrap elementor-element-populated\">\n\t\t\t\t\t\t\t<div class=\"elementor-widget-wrap\">\n\t\t\t\t\t\t<div class=\"elementor-element elementor-element-691e260 ha-css-transform-yes elementor-hidden-desktop elementor-hidden-tablet elementor-hidden-phone elementor-widget elementor-widget-heading\" data-id=\"691e260\" data-element_type=\"widget\" data-widget_type=\"heading.default\">\n\t\t\t\t<div class=\"elementor-widget-container\">\n\t\t\t<h2 class=\"elementor-heading-title elementor-size-default\">Librairie ferm\u00e9e pour cong\u00e9s jusqu\u2019au 15 mars inclus<\/h2>\t\t<\/div>\n\t\t\t\t<\/div>\n\t\t\t\t<div class=\"elementor-element elementor-element-040ae2b elementor-widget elementor-widget-premium-addon-dual-header\" data-id=\"040ae2b\" data-element_type=\"widget\" data-widget_type=\"premium-addon-dual-header.default\">\n\t\t\t\t<div class=\"elementor-widget-container\">\n\t\t\t\n\t<div class=\"premium-dual-header-container\">\n\t\t\t\t<div class=\"premium-dual-header-first-container\">\n\t\t\t<h2 class=\"premium-dual-header-first-header \"><span class=\"premium-dual-header-first-span\">Chez Graffiti <\/span><span class=\"premium-dual-header-second-header \">l'activit\u00e9 consiste en l'achat-vente de livres d'occasion.<\/span><\/h2> \t\t<\/div>\n\t\t\t<\/div>\n\n\t\t\t\t<\/div>\n\t\t\t\t<\/div>\n\t\t\t\t<div class=\"elementor-element elementor-element-104e999 elementor-widget elementor-widget-heading\" data-id=\"104e999\" data-element_type=\"widget\" data-widget_type=\"heading.default\">\n\t\t\t\t<div class=\"elementor-widget-container\">\n\t\t\t<h2 class=\"elementor-heading-title elementor-size-default\">Nous achetons comptant les livres dont vous voulez vous d\u00e9faire.<\/h2>\t\t<\/div>\n\t\t\t\t<\/div>\n\t\t\t\t\t\t<\/div>\n\t\t\t\t\t<\/div>\n\t\t<\/div>\n\t\t\t\t\t\t\t\t<\/div>\n\t\t\t\t\t<\/div>\n\t\t<\/section>\n\t\t\t\t<section class=\"elementor-section elementor-top-section elementor-element elementor-element-7d73d68 elementor-section-height-min-height animated-slow elementor-section-boxed elementor-section-height-default elementor-section-items-middle elementor-invisible\" data-id=\"7d73d68\" data-element_type=\"section\" data-settings=\"{&quot;background_background&quot;:&quot;classic&quot;,&quot;animation&quot;:&quot;fadeIn&quot;,&quot;_ha_eqh_enable&quot;:false}\">\n\t\t\t\t\t\t<div class=\"elementor-container elementor-column-gap-default\">\n\t\t\t\t\t\t\t<div class=\"elementor-row\">\n\t\t\t\t\t<div class=\"elementor-column elementor-col-100 elementor-top-column elementor-element elementor-element-4b65b61\" data-id=\"4b65b61\" data-element_type=\"column\">\n\t\t\t<div class=\"elementor-column-wrap\">\n\t\t\t\t\t\t\t<div class=\"elementor-widget-wrap\">\n\t\t\t\t\t\t\t\t<\/div>\n\t\t\t\t\t<\/div>\n\t\t<\/div>\n\t\t\t\t\t\t\t\t<\/div>\n\t\t\t\t\t<\/div>\n\t\t<\/section>\n\t\t\t\t<section class=\"elementor-section elementor-top-section elementor-element elementor-element-823ac68 elementor-section-boxed elementor-section-height-default elementor-section-height-default\" data-id=\"823ac68\" data-element_type=\"section\" data-settings=\"{&quot;_ha_eqh_enable&quot;:false}\">\n\t\t\t\t\t\t<div class=\"elementor-container elementor-column-gap-default\">\n\t\t\t\t\t\t\t<div class=\"elementor-row\">\n\t\t\t\t\t<div class=\"elementor-column elementor-col-100 elementor-top-column elementor-element elementor-element-84b9461\" data-id=\"84b9461\" data-element_type=\"column\">\n\t\t\t<div class=\"elementor-column-wrap elementor-element-populated\">\n\t\t\t\t\t\t\t<div class=\"elementor-widget-wrap\">\n\t\t\t\t\t\t<div class=\"elementor-element elementor-element-de8a1a7 elementor-widget elementor-widget-text-editor\" data-id=\"de8a1a7\" data-element_type=\"widget\" data-widget_type=\"text-editor.default\">\n\t\t\t\t<div class=\"elementor-widget-container\">\n\t\t\t\t\t<div class=\"elementor-text-editor elementor-clearfix\"><p>Les ouvrages doivent \u00eatre en tr\u00e8s bon \u00e9tat, attractifs, et peuvent \u00eatre d\u00e9pos\u00e9s \u00e0 tout moment sans rendez-vous.<br \/>Les romans, ainsi que les livres scolaires sont refus\u00e9s.<\/p><\/div>\n\t\t\t\t<\/div>\n\t\t\t\t<\/div>\n\t\t\t\t<div class=\"elementor-element elementor-element-d3ed838 elementor-widget-divider--view-line_icon elementor-view-default elementor-widget-divider--element-align-center elementor-widget elementor-widget-divider\" data-id=\"d3ed838\" data-element_type=\"widget\" data-widget_type=\"divider.default\">\n\t\t\t\t<div class=\"elementor-widget-container\">\n\t\t\t\t\t<div class=\"elementor-divider\">\n\t\t\t<span class=\"elementor-divider-separator\">\n\t\t\t\t\t\t\t<div class=\"elementor-icon elementor-divider__element\">\n\t\t\t\t\t<i aria-hidden=\"true\" class=\"fas fa-book-open\"><\/i><\/div>\n\t\t\t\t\t\t<\/span>\n\t\t<\/div>\n\t\t\t\t<\/div>\n\t\t\t\t<\/div>\n\t\t\t\t<div class=\"elementor-element elementor-element-3dc3067 elementor-widget elementor-widget-text-editor\" data-id=\"3dc3067\" data-element_type=\"widget\" data-widget_type=\"text-editor.default\">\n\t\t\t\t<div class=\"elementor-widget-container\">\n\t\t\t\t\t<div class=\"elementor-text-editor elementor-clearfix\"><h4><strong>Graffiti est une librairie d\u2019occasion ind\u00e9pendante, cr\u00e9\u00e9e \u00e0 Mulhouse en 2006.<\/strong><\/h4><p>\u00a0<\/p><p>G\u00e9n\u00e9ralistes, nous disposons d\u2019un grand choix de livres vari\u00e9s (poches, livres pour enfants, BD, th\u00e9matiques).<\/p><p>Plus de 5500 romans en format poche, class\u00e9s alphab\u00e9tiquement, vous y attendent. <br \/>Les th\u00e9matiques sont r\u00e9pertori\u00e9s, ce qui permet de r\u00e9pondre efficacement quant \u00e0 la disponibilit\u00e9 des ouvrages recherch\u00e9s.<\/p><p>La vente par correspondance est assur\u00e9e tous les jours. <br \/>Chaque envoi est effectu\u00e9 avec soin, dans un emballage adapt\u00e9 avec affranchissement philat\u00e9lique.<\/p><p>N\u2019h\u00e9sitez pas \u00e0 nous contacter par mail, nous r\u00e9pondrons avec plaisir \u00e0 toutes vos questions.<\/p><\/div>\n\t\t\t\t<\/div>\n\t\t\t\t<\/div>\n\t\t\t\t<div class=\"elementor-element elementor-element-ea927dd elementor-shape-rounded elementor-grid-0 e-grid-align-center elementor-widget elementor-widget-social-icons\" data-id=\"ea927dd\" data-element_type=\"widget\" data-widget_type=\"social-icons.default\">\n\t\t\t\t<div class=\"elementor-widget-container\">\n\t\t\t\t\t<div class=\"elementor-social-icons-wrapper elementor-grid\">\n\t\t\t\t\t\t\t<div class=\"elementor-grid-item\">\n\t\t\t\t\t<a class=\"elementor-icon elementor-social-icon elementor-social-icon-facebook elementor-animation-grow elementor-repeater-item-b7a507b\" href=\"https:\/\/www.facebook.com\/librairie.graffiti.mulhouse\" target=\"_blank\">\n\t\t\t\t\t\t<span class=\"elementor-screen-only\">Facebook<\/span>\n\t\t\t\t\t\t<i class=\"fab fa-facebook\"><\/i>\t\t\t\t\t<\/a>\n\t\t\t\t<\/div>\n\t\t\t\t\t\t\t<div class=\"elementor-grid-item\">\n\t\t\t\t\t<a class=\"elementor-icon elementor-social-icon elementor-social-icon-instagram elementor-animation-grow elementor-repeater-item-58abf60\" href=\"https:\/\/www.instagram.com\/librgraffiti\/\" target=\"_blank\">\n\t\t\t\t\t\t<span class=\"elementor-screen-only\">Instagram<\/span>\n\t\t\t\t\t\t<i class=\"fab fa-instagram\"><\/i>\t\t\t\t\t<\/a>\n\t\t\t\t<\/div>\n\t\t\t\t\t\t\t<div class=\"elementor-grid-item\">\n\t\t\t\t\t<a class=\"elementor-icon elementor-social-icon elementor-social-icon-pinterest elementor-animation-grow elementor-repeater-item-77175b3\" href=\"https:\/\/www.pinterest.fr\/LibrairieGraffiti\/\" target=\"_blank\">\n\t\t\t\t\t\t<span class=\"elementor-screen-only\">Pinterest<\/span>\n\t\t\t\t\t\t<i class=\"fab fa-pinterest\"><\/i>\t\t\t\t\t<\/a>\n\t\t\t\t<\/div>\n\t\t\t\t\t<\/div>\n\t\t\t\t<\/div>\n\t\t\t\t<\/div>\n\t\t\t\t\t\t<\/div>\n\t\t\t\t\t<\/div>\n\t\t<\/div>\n\t\t\t\t\t\t\t\t<\/div>\n\t\t\t\t\t<\/div>\n\t\t<\/section>\n\t\t\t\t<section class=\"elementor-section elementor-top-section elementor-element elementor-element-42782db elementor-section-boxed elementor-section-height-default elementor-section-height-default\" data-id=\"42782db\" data-element_type=\"section\" data-settings=\"{&quot;_ha_eqh_enable&quot;:false}\">\n\t\t\t\t\t\t<div class=\"elementor-container elementor-column-gap-default\">\n\t\t\t\t\t\t\t<div class=\"elementor-row\">\n\t\t\t\t\t<div class=\"elementor-column elementor-col-100 elementor-top-column elementor-element elementor-element-8e610b0\" data-id=\"8e610b0\" data-element_type=\"column\">\n\t\t\t<div class=\"elementor-column-wrap\">\n\t\t\t\t\t\t\t<div class=\"elementor-widget-wrap\">\n\t\t\t\t\t\t\t\t<\/div>\n\t\t\t\t\t<\/div>\n\t\t<\/div>\n\t\t\t\t\t\t\t\t<\/div>\n\t\t\t\t\t<\/div>\n\t\t<\/section>\n\t\t\t\t\t\t<\/div>\n\t\t\t\t\t\t<\/div>\n\t\t\t\t\t<\/div>\n\t\t","protected":false},"excerpt":{"rendered":"<p>Librairie ferm\u00e9e pour cong\u00e9s jusqu\u2019au 15 mars inclus Chez Graffiti l&#8217;activit\u00e9 consiste en l&#8217;achat-vente de livres d&#8217;occasion. Nous achetons comptant les livres dont vous voulez vous d\u00e9faire. Les ouvrages doivent \u00eatre en tr\u00e8s bon \u00e9tat, attractifs, et peuvent \u00eatre d\u00e9pos\u00e9s \u00e0 tout moment sans rendez-vous.Les romans, ainsi que les livres scolaires sont refus\u00e9s. Graffiti est une librairie d\u2019occasion ind\u00e9pendante, cr\u00e9\u00e9e \u00e0 Mulhouse en 2006. \u00a0 G\u00e9n\u00e9ralistes, nous disposons d\u2019un grand choix de livres vari\u00e9s (poches, livres pour enfants, BD, th\u00e9matiques). Plus de 5500 romans en format poche, class\u00e9s alphab\u00e9tiquement, vous y attendent. Les th\u00e9matiques sont r\u00e9pertori\u00e9s, ce qui permet de r\u00e9pondre efficacement quant \u00e0 la disponibilit\u00e9 des ouvrages recherch\u00e9s. La vente par correspondance est assur\u00e9e tous les jours. Chaque envoi est effectu\u00e9 avec soin, dans un emballage adapt\u00e9 avec affranchissement philat\u00e9lique. N\u2019h\u00e9sitez pas \u00e0 nous contacter par mail, nous r\u00e9pondrons avec plaisir \u00e0 toutes vos questions. Facebook Instagram Pinterest<\/p>\n","protected":false},"author":1,"featured_media":0,"parent":0,"menu_order":0,"comment_status":"closed","ping_status":"closed","template":"elementor_header_footer","meta":[],"_links":{"self":[{"href":"https:\/\/librairie-graffiti.com\/index.php?rest_route=\/wp\/v2\/pages\/6"}],"collection":[{"href":"https:\/\/librairie-graffiti.com\/index.php?rest_route=\/wp\/v2\/pages"}],"about":[{"href":"https:\/\/librairie-graffiti.com\/index.php?rest_route=\/wp\/v2\/types\/page"}],"author":[{"embeddable":true,"href":"https:\/\/librairie-graffiti.com\/index.php?rest_route=\/wp\/v2\/users\/1"}],"replies":[{"embeddable":true,"href":"https:\/\/librairie-graffiti.com\/index.php?rest_route=%2Fwp%2Fv2%2Fcomments&post=6"}],"version-history":[{"count":60,"href":"https:\/\/librairie-graffiti.com\/index.php?rest_route=\/wp\/v2\/pages\/6\/revisions"}],"predecessor-version":[{"id":382,"href":"https:\/\/librairie-graffiti.com\/index.php?rest_route=\/wp\/v2\/pages\/6\/revisions\/382"}],"wp:attachment":[{"href":"https:\/\/librairie-graffiti.com\/index.php?rest_route=%2Fwp%2Fv2%2Fmedia&parent=6"}],"curies":[{"name":"wp","href":"https:\/\/api.w.org\/{rel}","templated":true}]}}