{"id":529,"date":"2021-05-04T18:11:41","date_gmt":"2021-05-04T16:11:41","guid":{"rendered":"https:\/\/librairie-graffiti.com\/?page_id=529"},"modified":"2021-05-05T09:45:18","modified_gmt":"2021-05-05T07:45:18","slug":"mention-legales","status":"publish","type":"page","link":"https:\/\/librairie-graffiti.com\/?page_id=529","title":{"rendered":"Mention l\u00e9gales"},"content":{"rendered":"\t\t<div data-elementor-type=\"wp-page\" data-elementor-id=\"529\" class=\"elementor elementor-529\" data-elementor-settings=\"[]\">\n\t\t\t\t\t\t<div class=\"elementor-inner\">\n\t\t\t\t\t\t\t<div class=\"elementor-section-wrap\">\n\t\t\t\t\t\t\t<section class=\"elementor-section elementor-top-section elementor-element elementor-element-26fb8ddb elementor-section-boxed elementor-section-height-default elementor-section-height-default\" data-id=\"26fb8ddb\" data-element_type=\"section\" data-settings=\"{&quot;_ha_eqh_enable&quot;:false}\">\n\t\t\t\t\t\t<div class=\"elementor-container elementor-column-gap-default\">\n\t\t\t\t\t\t\t<div class=\"elementor-row\">\n\t\t\t\t\t<div class=\"elementor-column elementor-col-100 elementor-top-column elementor-element elementor-element-a283b0\" data-id=\"a283b0\" data-element_type=\"column\">\n\t\t\t<div class=\"elementor-column-wrap elementor-element-populated\">\n\t\t\t\t\t\t\t<div class=\"elementor-widget-wrap\">\n\t\t\t\t\t\t<div class=\"elementor-element elementor-element-86ea085 elementor-widget-divider--view-line_icon elementor-view-default elementor-widget-divider--element-align-center elementor-widget elementor-widget-divider\" data-id=\"86ea085\" data-element_type=\"widget\" data-widget_type=\"divider.default\">\n\t\t\t\t<div class=\"elementor-widget-container\">\n\t\t\t\t\t<div class=\"elementor-divider\">\n\t\t\t<span class=\"elementor-divider-separator\">\n\t\t\t\t\t\t\t<div class=\"elementor-icon elementor-divider__element\">\n\t\t\t\t\t<i aria-hidden=\"true\" class=\"fas fa-book-open\"><\/i><\/div>\n\t\t\t\t\t\t<\/span>\n\t\t<\/div>\n\t\t\t\t<\/div>\n\t\t\t\t<\/div>\n\t\t\t\t<div class=\"elementor-element elementor-element-4e211aa elementor-widget elementor-widget-text-editor\" data-id=\"4e211aa\" data-element_type=\"widget\" data-widget_type=\"text-editor.default\">\n\t\t\t\t<div class=\"elementor-widget-container\">\n\t\t\t\t\t<div class=\"elementor-text-editor elementor-clearfix\"><!-- wp:heading -->\n<h2>CONDITIONS G\u00c9N\u00c9RALES<\/h2>\n<!-- \/wp:heading -->\n\n<!-- wp:paragraph -->\n<p>Les pr\u00e9sentes conditions g\u00e9n\u00e9rales r\u00e9gissent l\u2019utilisation de ce site <em>librairie-graffiti.com<\/em>.<br \/>Ce site appartient et est g\u00e9r\u00e9 par Corinne Marck<br \/>En utilisant ce site, vous indiquez que vous avez lu et compris les conditions d\u2019utilisation et que vous acceptez de les respecter en tout temps.<\/p>\n<!-- \/wp:paragraph -->\n\n<!-- wp:paragraph -->\n<p>Type de site : <em>e-commerce<\/em><\/p>\n<!-- \/wp:paragraph -->\n\n<!-- wp:heading -->\n<h3>Propri\u00e9t\u00e9 intellectuelle<\/h3>\n<!-- \/wp:heading -->\n\n<!-- wp:paragraph -->\n<p>Tout contenu publi\u00e9 et mis \u00e0 disposition sur ce site est la propri\u00e9t\u00e9 de Corinne Marck et de ses cr\u00e9ateurs. Cela comprend, mais n\u2019est pas limit\u00e9 aux images, textes, logos, documents, fichiers t\u00e9l\u00e9chargeables et tout ce qui contribue \u00e0 la composition de ce site.<\/p>\n<!-- \/wp:paragraph -->\n\n<!-- wp:heading -->\n<h3>Ventes des biens et services<\/h3>\n<!-- \/wp:heading -->\n\n<!-- wp:paragraph -->\n<p>Ce document r\u00e9git la vente des biens mis \u00e0 disposition sur notre site.<br \/>Les biens que nous offrons comprennent :<br \/><strong>Livres<\/strong><\/p>\n<!-- \/wp:paragraph -->\n\n<!-- wp:paragraph -->\n<p>Les biens li\u00e9s \u00e0 ce document sont les biens qui sont affich\u00e9s sur notre site au moment o\u00f9 vous y acc\u00e9dez. Cela comprend tous les produits \u00e9num\u00e9r\u00e9s comme \u00e9tant en rupture de stock. Toutes les informations, descriptions ou images que nous fournissons sur nos biens sont d\u00e9crites et pr\u00e9sent\u00e9es avec la plus grande pr\u00e9cision possible. Cependant, nous ne sommes pas l\u00e9galement \u00a0tenus par ces informations, descriptions ou images car nous ne pouvons pas garantir l\u2019exactitude de chaque produit ou service que nous fournissons. Vous acceptez d\u2019acheter ces biens \u00e0 vos propres risques.<\/p>\n<!-- \/wp:paragraph -->\n\n<!-- wp:heading -->\n<h3>Paiements<\/h3>\n<!-- \/wp:heading -->\n\n<!-- wp:paragraph -->\n<p>Nous acceptons les modes de paiement suivants sur ce site :<\/p>\n<!-- \/wp:paragraph -->\n\n<!-- wp:list -->\n<ul>\n<li>Carte bancaire<\/li>\n<li>PayPal<\/li>\n<li>Pr\u00e9l\u00e8vement automatique<\/li>\n<li>Ch\u00e8que<\/li>\n<\/ul>\n<!-- \/wp:list -->\n\n<!-- wp:paragraph -->\n<p>Lorsque vous nous fournissez vos renseignements de paiement, vous nous confirmez que vous avez autoris\u00e9 l\u2019utilisation et l\u2019acc\u00e8s \u00e0 l\u2019instrument de paiement que vous avez choisi d\u2019utiliser. En nous fournissant vos d\u00e9tails de paiement, vous confirmez que vous nous autorisez \u00e0 facturer le montant d\u00fb \u00e0 cet instrument de paiement.<br \/>Si nous estimons que votre paiement a viol\u00e9 une loi ou l\u2019une de nos conditions d\u2019utilisation, nous nous r\u00e9servons le droit d\u2019annuler votre transaction.<\/p>\n<!-- \/wp:paragraph -->\n\n<!-- wp:heading -->\n<h3>Transport et livraison<\/h3>\n<!-- \/wp:heading -->\n\n<!-- wp:paragraph -->\n<p>Lorsque vous effectuez un achat sur notre site, vous acceptez et reconnaissez de fournir un email valide et une adresse d\u2019exp\u00e9dition pour la commande. Nous nous r\u00e9servons le droit de modifier, rejeter ou annuler votre commande chaque fois que cela devient n\u00e9cessaire. <br \/>Si nous annulons votre commande et avons d\u00e9j\u00e0 trait\u00e9 votre paiement, nous vous donnerons un remboursement \u00e9quivalent au montant que vous avez pay\u00e9. Vous convenez qu\u2019il vous incombe de surveiller votre mode de paiement. Bien que nous visions \u00e0 vous fournir une estimation pr\u00e9cise des d\u00e9lais et des co\u00fbts d\u2019exp\u00e9dition, ceux-ci peuvent varier en raison de circonstances impr\u00e9vues.<\/p>\n<!-- \/wp:paragraph -->\n\n<!-- wp:heading -->\n<h3>Limitation de responsabilit\u00e9<\/h3>\n<!-- \/wp:heading -->\n\n<!-- wp:paragraph -->\n<p>Corinne Marck ou l\u2019un de ses employ\u00e9s sera tenu responsable de tout probl\u00e8me d\u00e9coulant de ce site. N\u00e9anmoins, Corinne Marck et ses employ\u00e9s ne seront pas tenus responsables de tout probl\u00e8me d\u00e9coulant de toute utilisation irr\u00e9guli\u00e8re de ce site.<\/p>\n<!-- \/wp:paragraph -->\n\n<!-- wp:heading -->\n<h3>Indemnit\u00e9<\/h3>\n<!-- \/wp:heading -->\n\n<!-- wp:paragraph -->\n<p>En tant qu\u2019utilisateur, vous indemnisez par les pr\u00e9sentes Corinne Marck de toute responsabilit\u00e9, de tout co\u00fbt, de toute cause d\u2019action, de tout dommage ou de toute d\u00e9pense d\u00e9coulant de votre utilisation de ce site ou de votre violation de l\u2019une des dispositions \u00e9nonc\u00e9es dans le pr\u00e9sent document.<\/p>\n<!-- \/wp:paragraph -->\n\n<!-- wp:heading -->\n<h3>Lois applicables<\/h3>\n<!-- \/wp:heading -->\n\n<!-- wp:paragraph -->\n<p>Ce document est soumis aux lois applicables en France et vise \u00e0 se conformer \u00e0 ses r\u00e8gles et r\u00e8glements n\u00e9cessaires. Cela inclut la r\u00e9glementation \u00e0 l\u2019\u00e9chelle de l\u2019UE \u00e9nonc\u00e9e dans le RGPD.<\/p>\n<!-- \/wp:paragraph -->\n\n<!-- wp:heading -->\n<h3>Divisibilit\u00e9<\/h3>\n<!-- \/wp:heading -->\n\n<!-- wp:paragraph -->\n<p>Si, \u00e0 tout moment, l\u2019une des dispositions \u00e9nonc\u00e9es dans le pr\u00e9sent document est jug\u00e9e incompatible ou invalide en vertu des lois applicables, ces dispositions seront consid\u00e9r\u00e9es comme nulles et seront retir\u00e9es du pr\u00e9sent document. Toutes les autres dispositions ne seront pas touch\u00e9es par les lois et le reste du document sera toujours consid\u00e9r\u00e9 comme valide.<\/p>\n<!-- \/wp:paragraph -->\n\n<!-- wp:heading -->\n<h3>Modifications<\/h3>\n<!-- \/wp:heading -->\n\n<!-- wp:paragraph -->\n<p>Ces conditions g\u00e9n\u00e9rales peuvent \u00eatre modifi\u00e9es de temps \u00e0 autre afin de maintenir le respect de la loi et de refl\u00e9ter tout changement \u00e0 la fa\u00e7on dont nous g\u00e9rons notre site et la fa\u00e7on dont nous nous attendons \u00e0 ce que les utilisateurs se comportent sur notre site. Nous recommandons \u00e0 nos utilisateurs de v\u00e9rifier ces conditions g\u00e9n\u00e9rales de temps \u00e0 autre pour s\u2019assurer qu\u2019ils sont inform\u00e9s de toute mise \u00e0 jour. <br \/>Au besoin, nous informerons les utilisateurs par courriel des changements apport\u00e9s \u00e0 ces conditions ou nous afficherons un avis sur notre site.<\/p>\n<!-- \/wp:paragraph -->\n\n<!-- wp:heading -->\n<h3>Contact<\/h3>\n<!-- \/wp:heading -->\n\n<!-- wp:paragraph -->\n<p>Veuillez communiquer avec nous si vous avez des questions ou des pr\u00e9occupations. <br \/>Nos coordonn\u00e9es sont les suivantes :<br \/><a href=\"mailto:graffiti@sfr.fr\">graffiti@sfr.fr<\/a><br \/>6a rue Poincar\u00e9, 68100, Mulhouse<\/p>\n<!-- \/wp:paragraph --><\/div>\n\t\t\t\t<\/div>\n\t\t\t\t<\/div>\n\t\t\t\t<div class=\"elementor-element elementor-element-67972b7 elementor-widget-divider--view-line_icon elementor-view-default elementor-widget-divider--element-align-center elementor-widget elementor-widget-divider\" data-id=\"67972b7\" data-element_type=\"widget\" data-widget_type=\"divider.default\">\n\t\t\t\t<div class=\"elementor-widget-container\">\n\t\t\t\t\t<div class=\"elementor-divider\">\n\t\t\t<span class=\"elementor-divider-separator\">\n\t\t\t\t\t\t\t<div class=\"elementor-icon elementor-divider__element\">\n\t\t\t\t\t<i aria-hidden=\"true\" class=\"fas fa-book-open\"><\/i><\/div>\n\t\t\t\t\t\t<\/span>\n\t\t<\/div>\n\t\t\t\t<\/div>\n\t\t\t\t<\/div>\n\t\t\t\t\t\t<\/div>\n\t\t\t\t\t<\/div>\n\t\t<\/div>\n\t\t\t\t\t\t\t\t<\/div>\n\t\t\t\t\t<\/div>\n\t\t<\/section>\n\t\t\t\t\t\t<\/div>\n\t\t\t\t\t\t<\/div>\n\t\t\t\t\t<\/div>\n\t\t","protected":false},"excerpt":{"rendered":"<p>CONDITIONS G\u00c9N\u00c9RALES Les pr\u00e9sentes conditions g\u00e9n\u00e9rales r\u00e9gissent l\u2019utilisation de ce site librairie-graffiti.com.Ce site appartient et est g\u00e9r\u00e9 par Corinne MarckEn utilisant ce site, vous indiquez que vous avez lu et compris les conditions d\u2019utilisation et que vous acceptez de les respecter en tout temps. Type de site : e-commerce Propri\u00e9t\u00e9 intellectuelle Tout contenu publi\u00e9 et mis \u00e0 disposition sur ce site est la propri\u00e9t\u00e9 de Corinne Marck et de ses cr\u00e9ateurs. Cela comprend, mais n\u2019est pas limit\u00e9 aux images, textes, logos, documents, fichiers t\u00e9l\u00e9chargeables et tout ce qui contribue \u00e0 la composition de ce site. Ventes des biens et services Ce document r\u00e9git la vente des biens mis \u00e0 disposition sur notre site.Les biens que nous offrons comprennent :Livres Les biens li\u00e9s \u00e0 ce document sont les biens qui sont affich\u00e9s sur notre site au moment o\u00f9 vous y acc\u00e9dez. Cela comprend tous les produits \u00e9num\u00e9r\u00e9s comme \u00e9tant en rupture de stock. Toutes les informations, descriptions ou images que nous fournissons sur nos biens sont d\u00e9crites et pr\u00e9sent\u00e9es avec la plus grande pr\u00e9cision possible. Cependant, nous ne sommes pas l\u00e9galement \u00a0tenus par ces informations, descriptions ou images car nous ne pouvons pas garantir l\u2019exactitude de chaque produit ou service que nous fournissons. Vous acceptez d\u2019acheter ces biens \u00e0 vos propres risques. Paiements Nous acceptons les modes de paiement suivants sur ce site : Carte bancaire PayPal Pr\u00e9l\u00e8vement automatique Ch\u00e8que Lorsque vous nous fournissez vos renseignements de paiement, vous nous confirmez que vous avez autoris\u00e9 l\u2019utilisation et l\u2019acc\u00e8s \u00e0 l\u2019instrument de paiement que vous avez choisi d\u2019utiliser. En nous fournissant vos d\u00e9tails de paiement, vous confirmez que vous nous autorisez \u00e0 facturer le montant d\u00fb \u00e0 cet instrument de paiement.Si nous estimons que votre paiement a viol\u00e9 une loi ou l\u2019une de nos conditions d\u2019utilisation, nous nous r\u00e9servons le droit d\u2019annuler votre transaction. Transport et livraison Lorsque vous effectuez un achat sur notre site, vous acceptez et reconnaissez de fournir un email valide et une adresse d\u2019exp\u00e9dition pour la commande. Nous nous r\u00e9servons le droit de modifier, rejeter ou annuler votre commande chaque fois que cela devient n\u00e9cessaire. Si nous annulons votre commande et avons d\u00e9j\u00e0 trait\u00e9 votre paiement, nous vous donnerons un remboursement \u00e9quivalent au montant que vous avez pay\u00e9. Vous convenez qu\u2019il vous incombe de surveiller votre mode de paiement. Bien que nous visions \u00e0 vous fournir une estimation pr\u00e9cise des d\u00e9lais et des co\u00fbts d\u2019exp\u00e9dition, ceux-ci peuvent varier en raison de circonstances impr\u00e9vues. Limitation de responsabilit\u00e9 Corinne Marck ou l\u2019un de ses employ\u00e9s sera tenu responsable de tout probl\u00e8me d\u00e9coulant de ce site. N\u00e9anmoins, Corinne Marck et ses employ\u00e9s ne seront pas tenus responsables de tout probl\u00e8me d\u00e9coulant de toute utilisation irr\u00e9guli\u00e8re de ce site. Indemnit\u00e9 En tant qu\u2019utilisateur, vous indemnisez par les pr\u00e9sentes Corinne Marck de toute responsabilit\u00e9, de tout co\u00fbt, de toute cause d\u2019action, de tout dommage ou de toute d\u00e9pense d\u00e9coulant de votre utilisation de ce site ou de votre violation de l\u2019une des dispositions \u00e9nonc\u00e9es dans le pr\u00e9sent document. Lois applicables Ce document est soumis aux lois applicables en France et vise \u00e0 se conformer \u00e0 ses r\u00e8gles et r\u00e8glements n\u00e9cessaires. Cela inclut la r\u00e9glementation \u00e0 l\u2019\u00e9chelle de l\u2019UE \u00e9nonc\u00e9e dans le RGPD. Divisibilit\u00e9 Si, \u00e0 tout moment, l\u2019une des dispositions \u00e9nonc\u00e9es dans le pr\u00e9sent document est jug\u00e9e incompatible ou invalide en vertu des lois applicables, ces dispositions seront consid\u00e9r\u00e9es comme nulles et seront retir\u00e9es du pr\u00e9sent document. Toutes les autres dispositions ne seront pas touch\u00e9es par les lois et le reste du document sera toujours consid\u00e9r\u00e9 comme valide. Modifications Ces conditions g\u00e9n\u00e9rales peuvent \u00eatre modifi\u00e9es de temps \u00e0 autre afin de maintenir le respect de la loi et de refl\u00e9ter tout changement \u00e0 la fa\u00e7on dont nous g\u00e9rons notre site et la fa\u00e7on dont nous nous attendons \u00e0 ce que les utilisateurs se comportent sur notre site. Nous recommandons \u00e0 nos utilisateurs de v\u00e9rifier ces conditions g\u00e9n\u00e9rales de temps \u00e0 autre pour s\u2019assurer qu\u2019ils sont inform\u00e9s de toute mise \u00e0 jour. Au besoin, nous informerons les utilisateurs par courriel des changements apport\u00e9s \u00e0 ces conditions ou nous afficherons un avis sur notre site. Contact Veuillez communiquer avec nous si vous avez des questions ou des pr\u00e9occupations. Nos coordonn\u00e9es sont les suivantes :graffiti@sfr.fr6a rue Poincar\u00e9, 68100, Mulhouse<\/p>\n","protected":false},"author":2,"featured_media":0,"parent":0,"menu_order":0,"comment_status":"closed","ping_status":"closed","template":"elementor_header_footer","meta":[],"_links":{"self":[{"href":"https:\/\/librairie-graffiti.com\/index.php?rest_route=\/wp\/v2\/pages\/529"}],"collection":[{"href":"https:\/\/librairie-graffiti.com\/index.php?rest_route=\/wp\/v2\/pages"}],"about":[{"href":"https:\/\/librairie-graffiti.com\/index.php?rest_route=\/wp\/v2\/types\/page"}],"author":[{"embeddable":true,"href":"https:\/\/librairie-graffiti.com\/index.php?rest_route=\/wp\/v2\/users\/2"}],"replies":[{"embeddable":true,"href":"https:\/\/librairie-graffiti.com\/index.php?rest_route=%2Fwp%2Fv2%2Fcomments&post=529"}],"version-history":[{"count":20,"href":"https:\/\/librairie-graffiti.com\/index.php?rest_route=\/wp\/v2\/pages\/529\/revisions"}],"predecessor-version":[{"id":550,"href":"https:\/\/librairie-graffiti.com\/index.php?rest_route=\/wp\/v2\/pages\/529\/revisions\/550"}],"wp:attachment":[{"href":"https:\/\/librairie-graffiti.com\/index.php?rest_route=%2Fwp%2Fv2%2Fmedia&parent=529"}],"curies":[{"name":"wp","href":"https:\/\/api.w.org\/{rel}","templated":true}]}}