{"id":108,"date":"2020-11-02T10:25:11","date_gmt":"2020-11-02T09:25:11","guid":{"rendered":"http:\/\/librairie-graffiti.com\/2\/?page_id=108"},"modified":"2020-11-13T12:05:33","modified_gmt":"2020-11-13T11:05:33","slug":"librairies-dailleurs","status":"publish","type":"page","link":"https:\/\/librairie-graffiti.com\/?page_id=108","title":{"rendered":"Librairies d&#8217;Ailleurs"},"content":{"rendered":"\t\t<div data-elementor-type=\"wp-page\" data-elementor-id=\"108\" class=\"elementor elementor-108\" data-elementor-settings=\"[]\">\n\t\t\t\t\t\t<div class=\"elementor-inner\">\n\t\t\t\t\t\t\t<div class=\"elementor-section-wrap\">\n\t\t\t\t\t\t\t<section class=\"elementor-section elementor-top-section elementor-element elementor-element-e920e4e elementor-section-boxed elementor-section-height-default elementor-section-height-default\" data-id=\"e920e4e\" data-element_type=\"section\" data-settings=\"{&quot;_ha_eqh_enable&quot;:false}\">\n\t\t\t\t\t\t<div class=\"elementor-container elementor-column-gap-default\">\n\t\t\t\t\t\t\t<div class=\"elementor-row\">\n\t\t\t\t\t<div class=\"elementor-column elementor-col-100 elementor-top-column elementor-element elementor-element-cc8ecbe\" data-id=\"cc8ecbe\" data-element_type=\"column\">\n\t\t\t<div class=\"elementor-column-wrap elementor-element-populated\">\n\t\t\t\t\t\t\t<div class=\"elementor-widget-wrap\">\n\t\t\t\t\t\t<div class=\"elementor-element elementor-element-f69e677 elementor-widget elementor-widget-heading\" data-id=\"f69e677\" data-element_type=\"widget\" data-widget_type=\"heading.default\">\n\t\t\t\t<div class=\"elementor-widget-container\">\n\t\t\t<h3 class=\"elementor-heading-title elementor-size-default\">\u00c0 chacun de mes voyages, week-end ou escapades, trouver une librairie d\u2019occasion sur ma route me remplit de joie.<\/h3>\t\t<\/div>\n\t\t\t\t<\/div>\n\t\t\t\t<div class=\"elementor-element elementor-element-2ff5ae1 elementor-widget elementor-widget-text-editor\" data-id=\"2ff5ae1\" data-element_type=\"widget\" data-widget_type=\"text-editor.default\">\n\t\t\t\t<div class=\"elementor-widget-container\">\n\t\t\t\t\t<div class=\"elementor-text-editor elementor-clearfix\"><p>D\u00e8s la porte pouss\u00e9e, je me laisse porter par l\u2019ambiance qui y r\u00e8gne, l\u2019ordre ou le d\u00e9sordre de l\u2019endroit. Tr\u00e8s vite, apr\u00e8s quelques mots \u00e9chang\u00e9s avec le g\u00e9rant, une alchimie nait entre nous.<\/p><p>\u00c0 Paris, j\u2019ai \u00e9t\u00e9 invit\u00e9e \u00e0 partager un verre de Porto sur le comptoir. \u00c0 Budapest, le g\u00e9rant m\u2019a offert un livre pour enfant en hongrois. On parle de nos m\u00e9tiers, des difficult\u00e9s mais aussi du bien-\u00eatre que cela procure, cette vente de livres qui apportent tant de bonheur \u00e0 nos clients\u2026<\/p><\/div>\n\t\t\t\t<\/div>\n\t\t\t\t<\/div>\n\t\t\t\t\t\t<\/div>\n\t\t\t\t\t<\/div>\n\t\t<\/div>\n\t\t\t\t\t\t\t\t<\/div>\n\t\t\t\t\t<\/div>\n\t\t<\/section>\n\t\t\t\t<section class=\"elementor-section elementor-top-section elementor-element elementor-element-bce815a elementor-section-boxed elementor-section-height-default elementor-section-height-default\" data-id=\"bce815a\" data-element_type=\"section\" data-settings=\"{&quot;_ha_eqh_enable&quot;:false}\">\n\t\t\t\t\t\t<div class=\"elementor-container elementor-column-gap-default\">\n\t\t\t\t\t\t\t<div class=\"elementor-row\">\n\t\t\t\t\t<div class=\"elementor-column elementor-col-100 elementor-top-column elementor-element elementor-element-ef99838\" data-id=\"ef99838\" data-element_type=\"column\">\n\t\t\t<div class=\"elementor-column-wrap elementor-element-populated\">\n\t\t\t\t\t\t\t<div class=\"elementor-widget-wrap\">\n\t\t\t\t\t\t<div class=\"elementor-element elementor-element-59d5d81 elementor-widget elementor-widget-ha-justified-gallery happy-addon ha-justified-gallery\" data-id=\"59d5d81\" data-element_type=\"widget\" data-settings=\"{&quot;show_caption&quot;:&quot;yes&quot;,&quot;row_height&quot;:{&quot;unit&quot;:&quot;px&quot;,&quot;size&quot;:236,&quot;sizes&quot;:[]},&quot;margins&quot;:{&quot;unit&quot;:&quot;px&quot;,&quot;size&quot;:10,&quot;sizes&quot;:[]},&quot;last_row&quot;:&quot;justify&quot;,&quot;enable_popup&quot;:&quot;yes&quot;}\" data-widget_type=\"ha-justified-gallery.default\">\n\t\t\t\t<div class=\"elementor-widget-container\">\n\t\t\t\n\t\t<div class=\"ha-justified-grid__wrap hajs-justified-grid\">\n\t\t\t\t\t\t\t<a href=\"#\" data-mfp-src=\"https:\/\/librairie-graffiti.com\/wp-content\/uploads\/2020\/11\/Libaririe-Graffiti.insolite-24A-768x1024.jpg\" class=\"ha-justified-grid__item ha-js-lightbox __fltr-1\" title=\"Librairie Lello, Porto.\">\n\t\t\t\t\t<img width=\"768\" height=\"1024\" src=\"https:\/\/librairie-graffiti.com\/wp-content\/uploads\/2020\/11\/Libaririe-Graffiti.insolite-24A-768x1024.jpg\" class=\"elementor-animation-grow\" alt=\"Librairie Lello, Porto.\" loading=\"lazy\" srcset=\"https:\/\/librairie-graffiti.com\/wp-content\/uploads\/2020\/11\/Libaririe-Graffiti.insolite-24A-768x1024.jpg 768w, https:\/\/librairie-graffiti.com\/wp-content\/uploads\/2020\/11\/Libaririe-Graffiti.insolite-24A-600x800.jpg 600w, https:\/\/librairie-graffiti.com\/wp-content\/uploads\/2020\/11\/Libaririe-Graffiti.insolite-24A-225x300.jpg 225w, https:\/\/librairie-graffiti.com\/wp-content\/uploads\/2020\/11\/Libaririe-Graffiti.insolite-24A.jpg 960w\" sizes=\"(max-width: 768px) 100vw, 768px\" \/>\t\t\t\t<\/a>\n\t\t\t\t\t\t\t<a href=\"#\" data-mfp-src=\"https:\/\/librairie-graffiti.com\/wp-content\/uploads\/2020\/11\/Librairie-Graffiti.-insolite-1A-768x1024.jpg\" class=\"ha-justified-grid__item ha-js-lightbox __fltr-1\" title=\"Madurai\">\n\t\t\t\t\t<img width=\"768\" height=\"1024\" src=\"https:\/\/librairie-graffiti.com\/wp-content\/uploads\/2020\/11\/Librairie-Graffiti.-insolite-1A-768x1024.jpg\" class=\"elementor-animation-grow\" alt=\"Madurai\" loading=\"lazy\" srcset=\"https:\/\/librairie-graffiti.com\/wp-content\/uploads\/2020\/11\/Librairie-Graffiti.-insolite-1A-768x1024.jpg 768w, https:\/\/librairie-graffiti.com\/wp-content\/uploads\/2020\/11\/Librairie-Graffiti.-insolite-1A-600x800.jpg 600w, https:\/\/librairie-graffiti.com\/wp-content\/uploads\/2020\/11\/Librairie-Graffiti.-insolite-1A-225x300.jpg 225w, https:\/\/librairie-graffiti.com\/wp-content\/uploads\/2020\/11\/Librairie-Graffiti.-insolite-1A.jpg 960w\" sizes=\"(max-width: 768px) 100vw, 768px\" \/>\t\t\t\t<\/a>\n\t\t\t\t\t\t\t<a href=\"#\" data-mfp-src=\"https:\/\/librairie-graffiti.com\/wp-content\/uploads\/2020\/11\/Librairie-Graffiti.insolites-3-1024x809.jpeg\" class=\"ha-justified-grid__item ha-js-lightbox __fltr-1\" title=\"Benares\">\n\t\t\t\t\t<img width=\"768\" height=\"606\" src=\"https:\/\/librairie-graffiti.com\/wp-content\/uploads\/2020\/11\/Librairie-Graffiti.insolites-3-768x606.jpeg\" class=\"elementor-animation-grow\" alt=\"Benares\" loading=\"lazy\" srcset=\"https:\/\/librairie-graffiti.com\/wp-content\/uploads\/2020\/11\/Librairie-Graffiti.insolites-3-768x606.jpeg 768w, https:\/\/librairie-graffiti.com\/wp-content\/uploads\/2020\/11\/Librairie-Graffiti.insolites-3-600x474.jpeg 600w, https:\/\/librairie-graffiti.com\/wp-content\/uploads\/2020\/11\/Librairie-Graffiti.insolites-3-300x237.jpeg 300w, https:\/\/librairie-graffiti.com\/wp-content\/uploads\/2020\/11\/Librairie-Graffiti.insolites-3-1024x809.jpeg 1024w, https:\/\/librairie-graffiti.com\/wp-content\/uploads\/2020\/11\/Librairie-Graffiti.insolites-3-1140x900.jpeg 1140w, https:\/\/librairie-graffiti.com\/wp-content\/uploads\/2020\/11\/Librairie-Graffiti.insolites-3.jpeg 1217w\" sizes=\"(max-width: 768px) 100vw, 768px\" \/>\t\t\t\t<\/a>\n\t\t\t\t\t\t\t<a href=\"#\" data-mfp-src=\"https:\/\/librairie-graffiti.com\/wp-content\/uploads\/2020\/11\/Librairie-Graffiti.-route-22-768x1024.jpeg\" class=\"ha-justified-grid__item ha-js-lightbox __fltr-1\" title=\"Librairie Lello, Porto.\">\n\t\t\t\t\t<img width=\"768\" height=\"1024\" src=\"https:\/\/librairie-graffiti.com\/wp-content\/uploads\/2020\/11\/Librairie-Graffiti.-route-22-768x1024.jpeg\" class=\"elementor-animation-grow\" alt=\"Librairie Lello, Porto.\" loading=\"lazy\" srcset=\"https:\/\/librairie-graffiti.com\/wp-content\/uploads\/2020\/11\/Librairie-Graffiti.-route-22-768x1024.jpeg 768w, https:\/\/librairie-graffiti.com\/wp-content\/uploads\/2020\/11\/Librairie-Graffiti.-route-22-600x800.jpeg 600w, https:\/\/librairie-graffiti.com\/wp-content\/uploads\/2020\/11\/Librairie-Graffiti.-route-22-225x300.jpeg 225w, https:\/\/librairie-graffiti.com\/wp-content\/uploads\/2020\/11\/Librairie-Graffiti.-route-22.jpeg 960w\" sizes=\"(max-width: 768px) 100vw, 768px\" \/>\t\t\t\t<\/a>\n\t\t\t\t\t\t\t<a href=\"#\" data-mfp-src=\"https:\/\/librairie-graffiti.com\/wp-content\/uploads\/2020\/11\/Librairie-Graffiti.-route-21-1024x768.jpeg\" class=\"ha-justified-grid__item ha-js-lightbox __fltr-1\" title=\"Rishikesh\">\n\t\t\t\t\t<img width=\"768\" height=\"576\" src=\"https:\/\/librairie-graffiti.com\/wp-content\/uploads\/2020\/11\/Librairie-Graffiti.-route-21-768x576.jpeg\" class=\"elementor-animation-grow\" alt=\"Rishikesh\" loading=\"lazy\" srcset=\"https:\/\/librairie-graffiti.com\/wp-content\/uploads\/2020\/11\/Librairie-Graffiti.-route-21-768x576.jpeg 768w, https:\/\/librairie-graffiti.com\/wp-content\/uploads\/2020\/11\/Librairie-Graffiti.-route-21-600x450.jpeg 600w, https:\/\/librairie-graffiti.com\/wp-content\/uploads\/2020\/11\/Librairie-Graffiti.-route-21-300x225.jpeg 300w, https:\/\/librairie-graffiti.com\/wp-content\/uploads\/2020\/11\/Librairie-Graffiti.-route-21-1024x768.jpeg 1024w, https:\/\/librairie-graffiti.com\/wp-content\/uploads\/2020\/11\/Librairie-Graffiti.-route-21-1140x855.jpeg 1140w, https:\/\/librairie-graffiti.com\/wp-content\/uploads\/2020\/11\/Librairie-Graffiti.-route-21.jpeg 1280w\" sizes=\"(max-width: 768px) 100vw, 768px\" \/>\t\t\t\t<\/a>\n\t\t\t\t\t\t\t<a href=\"#\" data-mfp-src=\"https:\/\/librairie-graffiti.com\/wp-content\/uploads\/2020\/11\/Librairie-Graffiti.-route-20-1024x768.jpeg\" class=\"ha-justified-grid__item ha-js-lightbox __fltr-1\" title=\"Le point du jour, Paris.\">\n\t\t\t\t\t<img width=\"768\" height=\"576\" src=\"https:\/\/librairie-graffiti.com\/wp-content\/uploads\/2020\/11\/Librairie-Graffiti.-route-20-768x576.jpeg\" class=\"elementor-animation-grow\" alt=\"Le point du jour, Paris.\" loading=\"lazy\" srcset=\"https:\/\/librairie-graffiti.com\/wp-content\/uploads\/2020\/11\/Librairie-Graffiti.-route-20-768x576.jpeg 768w, https:\/\/librairie-graffiti.com\/wp-content\/uploads\/2020\/11\/Librairie-Graffiti.-route-20-600x450.jpeg 600w, https:\/\/librairie-graffiti.com\/wp-content\/uploads\/2020\/11\/Librairie-Graffiti.-route-20-300x225.jpeg 300w, https:\/\/librairie-graffiti.com\/wp-content\/uploads\/2020\/11\/Librairie-Graffiti.-route-20-1024x768.jpeg 1024w, https:\/\/librairie-graffiti.com\/wp-content\/uploads\/2020\/11\/Librairie-Graffiti.-route-20-1140x855.jpeg 1140w, https:\/\/librairie-graffiti.com\/wp-content\/uploads\/2020\/11\/Librairie-Graffiti.-route-20.jpeg 1280w\" sizes=\"(max-width: 768px) 100vw, 768px\" \/>\t\t\t\t<\/a>\n\t\t\t\t\t\t\t<a href=\"#\" data-mfp-src=\"https:\/\/librairie-graffiti.com\/wp-content\/uploads\/2020\/11\/Librairie-Graffiti.-route-16-1024x765.jpeg\" class=\"ha-justified-grid__item ha-js-lightbox __fltr-1\" title=\"Budapest\">\n\t\t\t\t\t<img width=\"768\" height=\"574\" src=\"https:\/\/librairie-graffiti.com\/wp-content\/uploads\/2020\/11\/Librairie-Graffiti.-route-16-768x574.jpeg\" class=\"elementor-animation-grow\" alt=\"Budapest\" loading=\"lazy\" srcset=\"https:\/\/librairie-graffiti.com\/wp-content\/uploads\/2020\/11\/Librairie-Graffiti.-route-16-768x574.jpeg 768w, https:\/\/librairie-graffiti.com\/wp-content\/uploads\/2020\/11\/Librairie-Graffiti.-route-16-600x448.jpeg 600w, https:\/\/librairie-graffiti.com\/wp-content\/uploads\/2020\/11\/Librairie-Graffiti.-route-16-300x224.jpeg 300w, https:\/\/librairie-graffiti.com\/wp-content\/uploads\/2020\/11\/Librairie-Graffiti.-route-16-1024x765.jpeg 1024w, https:\/\/librairie-graffiti.com\/wp-content\/uploads\/2020\/11\/Librairie-Graffiti.-route-16-1140x851.jpeg 1140w, https:\/\/librairie-graffiti.com\/wp-content\/uploads\/2020\/11\/Librairie-Graffiti.-route-16.jpeg 1280w\" sizes=\"(max-width: 768px) 100vw, 768px\" \/>\t\t\t\t<\/a>\n\t\t\t\t\t\t\t<a href=\"#\" data-mfp-src=\"https:\/\/librairie-graffiti.com\/wp-content\/uploads\/2020\/11\/Librairie-Graffiti.-route-8-1024x768.jpeg\" class=\"ha-justified-grid__item ha-js-lightbox __fltr-1\" title=\"Quais de Seine, \u00e0 Paris.\">\n\t\t\t\t\t<img width=\"768\" height=\"576\" src=\"https:\/\/librairie-graffiti.com\/wp-content\/uploads\/2020\/11\/Librairie-Graffiti.-route-8-768x576.jpeg\" class=\"elementor-animation-grow\" alt=\"Quais de Seine, \u00e0 Paris.\" loading=\"lazy\" srcset=\"https:\/\/librairie-graffiti.com\/wp-content\/uploads\/2020\/11\/Librairie-Graffiti.-route-8-768x576.jpeg 768w, https:\/\/librairie-graffiti.com\/wp-content\/uploads\/2020\/11\/Librairie-Graffiti.-route-8-600x450.jpeg 600w, https:\/\/librairie-graffiti.com\/wp-content\/uploads\/2020\/11\/Librairie-Graffiti.-route-8-300x225.jpeg 300w, https:\/\/librairie-graffiti.com\/wp-content\/uploads\/2020\/11\/Librairie-Graffiti.-route-8-1024x768.jpeg 1024w, https:\/\/librairie-graffiti.com\/wp-content\/uploads\/2020\/11\/Librairie-Graffiti.-route-8-1140x855.jpeg 1140w, https:\/\/librairie-graffiti.com\/wp-content\/uploads\/2020\/11\/Librairie-Graffiti.-route-8.jpeg 1280w\" sizes=\"(max-width: 768px) 100vw, 768px\" \/>\t\t\t\t<\/a>\n\t\t\t\t\t\t\t<a href=\"#\" data-mfp-src=\"https:\/\/librairie-graffiti.com\/wp-content\/uploads\/2020\/11\/Librairie-Graffiti.-insolite-23-1024x768.jpeg\" class=\"ha-justified-grid__item ha-js-lightbox __fltr-1\" title=\"Porto\">\n\t\t\t\t\t<img width=\"768\" height=\"576\" src=\"https:\/\/librairie-graffiti.com\/wp-content\/uploads\/2020\/11\/Librairie-Graffiti.-insolite-23-768x576.jpeg\" class=\"elementor-animation-grow\" alt=\"Porto\" loading=\"lazy\" srcset=\"https:\/\/librairie-graffiti.com\/wp-content\/uploads\/2020\/11\/Librairie-Graffiti.-insolite-23-768x576.jpeg 768w, https:\/\/librairie-graffiti.com\/wp-content\/uploads\/2020\/11\/Librairie-Graffiti.-insolite-23-600x450.jpeg 600w, https:\/\/librairie-graffiti.com\/wp-content\/uploads\/2020\/11\/Librairie-Graffiti.-insolite-23-300x225.jpeg 300w, https:\/\/librairie-graffiti.com\/wp-content\/uploads\/2020\/11\/Librairie-Graffiti.-insolite-23-1024x768.jpeg 1024w, https:\/\/librairie-graffiti.com\/wp-content\/uploads\/2020\/11\/Librairie-Graffiti.-insolite-23-1140x855.jpeg 1140w, https:\/\/librairie-graffiti.com\/wp-content\/uploads\/2020\/11\/Librairie-Graffiti.-insolite-23.jpeg 1280w\" sizes=\"(max-width: 768px) 100vw, 768px\" \/>\t\t\t\t<\/a>\n\t\t\t\t\t\t\t<a href=\"#\" data-mfp-src=\"https:\/\/librairie-graffiti.com\/wp-content\/uploads\/2020\/11\/Librairie-Graffiti.-insolites-4--1024x768.jpeg\" class=\"ha-justified-grid__item ha-js-lightbox __fltr-1\" title=\"&quot;Au vrai chic litt\u00e9r\u00e8re&quot;, Librairie itin\u00e9rante en Tiny house.\">\n\t\t\t\t\t<img width=\"768\" height=\"576\" src=\"https:\/\/librairie-graffiti.com\/wp-content\/uploads\/2020\/11\/Librairie-Graffiti.-insolites-4--768x576.jpeg\" class=\"elementor-animation-grow\" alt=\"&quot;Au vrai chic litt\u00e9r\u00e8re&quot;, Librairie itin\u00e9rante en Tiny house.\" loading=\"lazy\" srcset=\"https:\/\/librairie-graffiti.com\/wp-content\/uploads\/2020\/11\/Librairie-Graffiti.-insolites-4--768x576.jpeg 768w, https:\/\/librairie-graffiti.com\/wp-content\/uploads\/2020\/11\/Librairie-Graffiti.-insolites-4--600x450.jpeg 600w, https:\/\/librairie-graffiti.com\/wp-content\/uploads\/2020\/11\/Librairie-Graffiti.-insolites-4--300x225.jpeg 300w, https:\/\/librairie-graffiti.com\/wp-content\/uploads\/2020\/11\/Librairie-Graffiti.-insolites-4--1024x768.jpeg 1024w, https:\/\/librairie-graffiti.com\/wp-content\/uploads\/2020\/11\/Librairie-Graffiti.-insolites-4--1140x855.jpeg 1140w, https:\/\/librairie-graffiti.com\/wp-content\/uploads\/2020\/11\/Librairie-Graffiti.-insolites-4-.jpeg 1280w\" sizes=\"(max-width: 768px) 100vw, 768px\" \/>\t\t\t\t<\/a>\n\t\t\t\t\t\t\t<a href=\"#\" data-mfp-src=\"https:\/\/librairie-graffiti.com\/wp-content\/uploads\/2020\/11\/librairie-Graffiti.-insolite-21-768x1024.jpeg\" class=\"ha-justified-grid__item ha-js-lightbox __fltr-1\" title=\"Librairie Lello, Porto.\">\n\t\t\t\t\t<img width=\"768\" height=\"1024\" src=\"https:\/\/librairie-graffiti.com\/wp-content\/uploads\/2020\/11\/librairie-Graffiti.-insolite-21-768x1024.jpeg\" class=\"elementor-animation-grow\" alt=\"Librairie Lello, Porto.\" loading=\"lazy\" srcset=\"https:\/\/librairie-graffiti.com\/wp-content\/uploads\/2020\/11\/librairie-Graffiti.-insolite-21-768x1024.jpeg 768w, https:\/\/librairie-graffiti.com\/wp-content\/uploads\/2020\/11\/librairie-Graffiti.-insolite-21-600x800.jpeg 600w, https:\/\/librairie-graffiti.com\/wp-content\/uploads\/2020\/11\/librairie-Graffiti.-insolite-21-225x300.jpeg 225w, https:\/\/librairie-graffiti.com\/wp-content\/uploads\/2020\/11\/librairie-Graffiti.-insolite-21.jpeg 960w\" sizes=\"(max-width: 768px) 100vw, 768px\" \/>\t\t\t\t<\/a>\n\t\t\t\t\t\t\t<a href=\"#\" data-mfp-src=\"https:\/\/librairie-graffiti.com\/wp-content\/uploads\/2020\/11\/Librairie-Graffiiti.-route-13-1024x765.jpeg\" class=\"ha-justified-grid__item ha-js-lightbox __fltr-1\" title=\"Librairie Massolit, \u00e0 Budapest.\">\n\t\t\t\t\t<img width=\"768\" height=\"574\" src=\"https:\/\/librairie-graffiti.com\/wp-content\/uploads\/2020\/11\/Librairie-Graffiiti.-route-13-768x574.jpeg\" class=\"elementor-animation-grow\" alt=\"Librairie Massolit, \u00e0 Budapest.\" loading=\"lazy\" srcset=\"https:\/\/librairie-graffiti.com\/wp-content\/uploads\/2020\/11\/Librairie-Graffiiti.-route-13-768x574.jpeg 768w, https:\/\/librairie-graffiti.com\/wp-content\/uploads\/2020\/11\/Librairie-Graffiiti.-route-13-600x448.jpeg 600w, https:\/\/librairie-graffiti.com\/wp-content\/uploads\/2020\/11\/Librairie-Graffiiti.-route-13-300x224.jpeg 300w, https:\/\/librairie-graffiti.com\/wp-content\/uploads\/2020\/11\/Librairie-Graffiiti.-route-13-1024x765.jpeg 1024w, https:\/\/librairie-graffiti.com\/wp-content\/uploads\/2020\/11\/Librairie-Graffiiti.-route-13-1140x851.jpeg 1140w, https:\/\/librairie-graffiti.com\/wp-content\/uploads\/2020\/11\/Librairie-Graffiiti.-route-13.jpeg 1280w\" sizes=\"(max-width: 768px) 100vw, 768px\" \/>\t\t\t\t<\/a>\n\t\t\t\t\t<\/div>\n\n\t\t\t\t<\/div>\n\t\t\t\t<\/div>\n\t\t\t\t\t\t<\/div>\n\t\t\t\t\t<\/div>\n\t\t<\/div>\n\t\t\t\t\t\t\t\t<\/div>\n\t\t\t\t\t<\/div>\n\t\t<\/section>\n\t\t\t\t<section class=\"elementor-section elementor-top-section elementor-element elementor-element-39246bb elementor-section-boxed elementor-section-height-default elementor-section-height-default\" data-id=\"39246bb\" data-element_type=\"section\" data-settings=\"{&quot;_ha_eqh_enable&quot;:false}\">\n\t\t\t\t\t\t<div class=\"elementor-container elementor-column-gap-default\">\n\t\t\t\t\t\t\t<div class=\"elementor-row\">\n\t\t\t\t\t<div class=\"elementor-column elementor-col-100 elementor-top-column elementor-element elementor-element-cc1ef5b\" data-id=\"cc1ef5b\" data-element_type=\"column\">\n\t\t\t<div class=\"elementor-column-wrap elementor-element-populated\">\n\t\t\t\t\t\t\t<div class=\"elementor-widget-wrap\">\n\t\t\t\t\t\t<div class=\"elementor-element elementor-element-e64bd57 elementor-shape-rounded elementor-grid-0 e-grid-align-center elementor-widget elementor-widget-social-icons\" data-id=\"e64bd57\" data-element_type=\"widget\" data-widget_type=\"social-icons.default\">\n\t\t\t\t<div class=\"elementor-widget-container\">\n\t\t\t\t\t<div class=\"elementor-social-icons-wrapper elementor-grid\">\n\t\t\t\t\t\t\t<div class=\"elementor-grid-item\">\n\t\t\t\t\t<a class=\"elementor-icon elementor-social-icon elementor-social-icon-facebook elementor-animation-grow elementor-repeater-item-b7a507b\" href=\"https:\/\/www.facebook.com\/librairie.graffiti.mulhouse\" target=\"_blank\">\n\t\t\t\t\t\t<span class=\"elementor-screen-only\">Facebook<\/span>\n\t\t\t\t\t\t<i class=\"fab fa-facebook\"><\/i>\t\t\t\t\t<\/a>\n\t\t\t\t<\/div>\n\t\t\t\t\t\t\t<div class=\"elementor-grid-item\">\n\t\t\t\t\t<a class=\"elementor-icon elementor-social-icon elementor-social-icon-instagram elementor-animation-grow elementor-repeater-item-58abf60\" href=\"https:\/\/www.instagram.com\/librgraffiti\/\" target=\"_blank\">\n\t\t\t\t\t\t<span class=\"elementor-screen-only\">Instagram<\/span>\n\t\t\t\t\t\t<i class=\"fab fa-instagram\"><\/i>\t\t\t\t\t<\/a>\n\t\t\t\t<\/div>\n\t\t\t\t\t\t\t<div class=\"elementor-grid-item\">\n\t\t\t\t\t<a class=\"elementor-icon elementor-social-icon elementor-social-icon-pinterest elementor-animation-grow elementor-repeater-item-77175b3\" href=\"https:\/\/www.pinterest.fr\/LibrairieGraffiti\/\" target=\"_blank\">\n\t\t\t\t\t\t<span class=\"elementor-screen-only\">Pinterest<\/span>\n\t\t\t\t\t\t<i class=\"fab fa-pinterest\"><\/i>\t\t\t\t\t<\/a>\n\t\t\t\t<\/div>\n\t\t\t\t\t<\/div>\n\t\t\t\t<\/div>\n\t\t\t\t<\/div>\n\t\t\t\t\t\t<\/div>\n\t\t\t\t\t<\/div>\n\t\t<\/div>\n\t\t\t\t\t\t\t\t<\/div>\n\t\t\t\t\t<\/div>\n\t\t<\/section>\n\t\t\t\t\t\t<\/div>\n\t\t\t\t\t\t<\/div>\n\t\t\t\t\t<\/div>\n\t\t","protected":false},"excerpt":{"rendered":"<p>\u00c0 chacun de mes voyages, week-end ou escapades, trouver une librairie d\u2019occasion sur ma route me remplit de joie. D\u00e8s la porte pouss\u00e9e, je me laisse porter par l\u2019ambiance qui y r\u00e8gne, l\u2019ordre ou le d\u00e9sordre de l\u2019endroit. Tr\u00e8s vite, apr\u00e8s quelques mots \u00e9chang\u00e9s avec le g\u00e9rant, une alchimie nait entre nous. \u00c0 Paris, j\u2019ai \u00e9t\u00e9 invit\u00e9e \u00e0 partager un verre de Porto sur le comptoir. \u00c0 Budapest, le g\u00e9rant m\u2019a offert un livre pour enfant en hongrois. On parle de nos m\u00e9tiers, des difficult\u00e9s mais aussi du bien-\u00eatre que cela procure, cette vente de livres qui apportent tant de bonheur \u00e0 nos clients\u2026 Facebook Instagram Pinterest<\/p>\n","protected":false},"author":1,"featured_media":0,"parent":0,"menu_order":0,"comment_status":"closed","ping_status":"closed","template":"elementor_header_footer","meta":[],"_links":{"self":[{"href":"https:\/\/librairie-graffiti.com\/index.php?rest_route=\/wp\/v2\/pages\/108"}],"collection":[{"href":"https:\/\/librairie-graffiti.com\/index.php?rest_route=\/wp\/v2\/pages"}],"about":[{"href":"https:\/\/librairie-graffiti.com\/index.php?rest_route=\/wp\/v2\/types\/page"}],"author":[{"embeddable":true,"href":"https:\/\/librairie-graffiti.com\/index.php?rest_route=\/wp\/v2\/users\/1"}],"replies":[{"embeddable":true,"href":"https:\/\/librairie-graffiti.com\/index.php?rest_route=%2Fwp%2Fv2%2Fcomments&post=108"}],"version-history":[{"count":14,"href":"https:\/\/librairie-graffiti.com\/index.php?rest_route=\/wp\/v2\/pages\/108\/revisions"}],"predecessor-version":[{"id":218,"href":"https:\/\/librairie-graffiti.com\/index.php?rest_route=\/wp\/v2\/pages\/108\/revisions\/218"}],"wp:attachment":[{"href":"https:\/\/librairie-graffiti.com\/index.php?rest_route=%2Fwp%2Fv2%2Fmedia&parent=108"}],"curies":[{"name":"wp","href":"https:\/\/api.w.org\/{rel}","templated":true}]}}